{"id":3276,"date":"2024-03-07T00:43:09","date_gmt":"2024-03-07T03:43:09","guid":{"rendered":"https:\/\/nurbtech.com\/?post_type=product&#038;p=3276"},"modified":"2025-12-28T23:11:46","modified_gmt":"2025-12-29T02:11:46","slug":"suporte-wideband-volkswagen","status":"publish","type":"product","link":"https:\/\/nurbtech.com\/index.php\/product\/suporte-wideband-volkswagen\/","title":{"rendered":"Suporte WideBand Volkswagen"},"content":{"rendered":"\t\t<div data-elementor-type=\"section\" data-elementor-id=\"3316\" class=\"elementor elementor-3316\" data-elementor-post-type=\"elementor_library\">\n\t\t\t\t\t<div class=\"elementor-section elementor-top-section elementor-element elementor-element-2d26445 elementor-section-boxed elementor-section-height-default elementor-section-height-default\" data-id=\"2d26445\" data-element_type=\"section\">\n\t\t\t\t\t\t<div class=\"elementor-container elementor-column-gap-default\">\n\t\t\t\t\t<div class=\"elementor-column elementor-col-50 elementor-top-column elementor-element elementor-element-bd85ec9\" data-id=\"bd85ec9\" data-element_type=\"column\">\n\t\t\t<div class=\"elementor-widget-wrap elementor-element-populated\">\n\t\t\t\t\t\t<div class=\"elementor-element elementor-element-6dadd8e elementor-widget elementor-widget-heading\" data-id=\"6dadd8e\" data-element_type=\"widget\" data-widget_type=\"heading.default\">\n\t\t\t\t<div class=\"elementor-widget-container\">\n\t\t\t\t\t<h2 class=\"elementor-heading-title elementor-size-default\">Sobre  o Produto <\/h2>\t\t\t\t<\/div>\n\t\t\t\t<\/div>\n\t\t\t\t<div class=\"elementor-element elementor-element-1bdb4f1 elementor-widget elementor-widget-text-editor\" data-id=\"1bdb4f1\" data-element_type=\"widget\" data-widget_type=\"text-editor.default\">\n\t\t\t\t<div class=\"elementor-widget-container\">\n\t\t\t\t\t\t\t\t\t<p>Confira nosso mais recente lan\u00e7amento: o suporte em ABS para entrada de ar do seu Volkswagen. Este suporte foi projetado para proporcionar uma instala\u00e7\u00e3o perfeita e sem complica\u00e7\u00f5es para o man\u00f4metro de press\u00e3o e a wideband da FuelTech. Fabricado com tecnologia de impress\u00e3o 3D avan\u00e7ada, garantimos alta qualidade, durabilidade e resist\u00eancia em cada detalhe. Transforme seu\u00a0<span style=\"font-size: 0.875rem; background-color: var(--site-bg-color); color: var(--site-text-color); font-family: var(--site-main-font);\">Volkswagen<\/span><span style=\"font-size: inherit; background-color: var(--site-bg-color); color: var(--site-text-color); font-family: var(--site-main-font);\">\u00a0com este suporte funcional e esteticamente atraente, elevando tanto o desempenho quanto a est\u00e9tica do seu ve\u00edculo. Confira os detalhes abaixo:<\/span><\/p><ol><li>Suporte em ABS para entrada de ar\u00a0<\/li><li>Projetado para fixar com seguran\u00e7a o man\u00f4metro de press\u00e3o e a wideband da FuelTech<\/li><li>Fabricado com tecnologia de impress\u00e3o 3D avan\u00e7ada<\/li><li>Garante alta qualidade, durabilidade e resist\u00eancia<\/li><li>Cada detalhe \u00e9 meticulosamente produzido para atender \u00e0s exig\u00eancias dos entusiastas automotivos<\/li><li>Ideal para quem busca uma instala\u00e7\u00e3o perfeita e sem complica\u00e7\u00f5es.<\/li><\/ol>\t\t\t\t\t\t\t\t<\/div>\n\t\t\t\t<\/div>\n\t\t\t\t<div class=\"elementor-element elementor-element-3fc02d7 elementor-widget elementor-widget-novaworks-advanced-carousel\" data-id=\"3fc02d7\" data-element_type=\"widget\" data-widget_type=\"novaworks-advanced-carousel.default\">\n\t\t\t\t<div class=\"elementor-widget-container\">\n\t\t\t\t\t<div class=\"novaworks-carousel-wrap novaworks-advance-carousel-layout-simple arrow-style-\">\n\t<div class=\"novaworks-carousel slick-carousel js-el\" data-slider_config=\"{&quot;slidesToShow&quot;:{&quot;desktop&quot;:3,&quot;laptop&quot;:3,&quot;tablet&quot;:2,&quot;tabletportrait&quot;:2,&quot;mobile&quot;:1},&quot;autoplaySpeed&quot;:5000,&quot;autoplay&quot;:true,&quot;infinite&quot;:false,&quot;pauseOnHover&quot;:false,&quot;speed&quot;:500,&quot;arrows&quot;:false,&quot;dots&quot;:false,&quot;slidesToScroll&quot;:1,&quot;prevArrow&quot;:&quot;&lt;button class=\\&quot;novaworks-arrow prev-arrow slick-prev\\&quot;&gt;&lt;i class=\\&quot;novaworksicon-left-arrow\\&quot;&gt;&lt;\\\/i&gt;&lt;\\\/button&gt;&quot;,&quot;variableWidth&quot;:false,&quot;nextArrow&quot;:&quot;&lt;button class=\\&quot;novaworks-arrow next-arrow slick-next\\&quot;&gt;&lt;i class=\\&quot;novaworksicon-right-arrow\\&quot;&gt;&lt;\\\/i&gt;&lt;\\\/button&gt;&quot;,&quot;rtl&quot;:false}\" dir=\"ltr\" data-nova_component=\"AutoCarousel\">\n<div class=\"novaworks-carousel__item\">\n\t<div class=\"novaworks-carousel__item-inner\"><a class=\"novaworks-images-layout__link\" href=\"http:\/\/nurbtech.com\/wp-content\/uploads\/2024\/02\/Imagem-do-WhatsApp-de-2024-02-27-as-23.04.09_cdda9c3a-e1709085985112.jpg\" data-elementor-open-lightbox=\"yes\" data-elementor-lightbox-slideshow=\"3fc02d7\"><div class=\"novaworks-carousel__image\"><img fetchpriority=\"high\" decoding=\"async\" src=\"data:image\/gif;base64,R0lGODlhAQABAIAAAP\/\/\/wAAACH5BAEAAAAALAAAAAABAAEAAAICRAEAOw==\" data-src=\"https:\/\/i0.wp.com\/nurbtech.com\/wp-content\/uploads\/2024\/02\/Imagem-do-WhatsApp-de-2024-02-27-as-23.04.09_cdda9c3a-e1709085985112.jpg?fit=900%2C900&ssl=1\" alt=\"\" class=\"nova-lazyload-image novaworks-images-layout__image-instance novaworks-carousel__item-img\" width=\"900\" height=\"900\" srcset=\"data:image\/gif;base64,R0lGODlhAQABAIAAAP\/\/\/wAAACH5BAEAAAAALAAAAAABAAEAAAICRAEAOw==\"><\/div><\/a><\/div>\n<\/div>\n<div class=\"novaworks-carousel__item\">\n\t<div class=\"novaworks-carousel__item-inner\"><a class=\"novaworks-images-layout__link\" href=\"\" data-elementor-open-lightbox=\"yes\" data-elementor-lightbox-slideshow=\"3fc02d7\"><div class=\"novaworks-carousel__image\"><img decoding=\"async\" src=\"data:image\/gif;base64,R0lGODlhAQABAIAAAP\/\/\/wAAACH5BAEAAAAALAAAAAABAAEAAAICRAEAOw==\" data-src=\"\" alt=\"\" class=\"nova-lazyload-image novaworks-images-layout__image-instance novaworks-carousel__item-img\" width=\"1200\" height=\"800\" srcset=\"data:image\/gif;base64,R0lGODlhAQABAIAAAP\/\/\/wAAACH5BAEAAAAALAAAAAABAAEAAAICRAEAOw==\"><\/div><\/a><\/div>\n<\/div>\n<div class=\"novaworks-carousel__item\">\n\t<div class=\"novaworks-carousel__item-inner\"><a class=\"novaworks-images-layout__link\" href=\"\" data-elementor-open-lightbox=\"yes\" data-elementor-lightbox-slideshow=\"3fc02d7\"><div class=\"novaworks-carousel__image\"><img decoding=\"async\" src=\"data:image\/gif;base64,R0lGODlhAQABAIAAAP\/\/\/wAAACH5BAEAAAAALAAAAAABAAEAAAICRAEAOw==\" data-src=\"\" alt=\"\" class=\"nova-lazyload-image novaworks-images-layout__image-instance novaworks-carousel__item-img\" width=\"1200\" height=\"800\" srcset=\"data:image\/gif;base64,R0lGODlhAQABAIAAAP\/\/\/wAAACH5BAEAAAAALAAAAAABAAEAAAICRAEAOw==\"><\/div><\/a><\/div>\n<\/div>\n<\/div><\/div>\n\t\t\t\t<\/div>\n\t\t\t\t<\/div>\n\t\t\t\t\t<\/div>\n\t\t<\/div>\n\t\t\t\t<div class=\"elementor-column elementor-col-50 elementor-top-column elementor-element elementor-element-9a0fbee\" data-id=\"9a0fbee\" data-element_type=\"column\">\n\t\t\t<div class=\"elementor-widget-wrap elementor-element-populated\">\n\t\t\t\t\t\t<div class=\"elementor-element elementor-element-cb89362 elementor-widget elementor-widget-image\" data-id=\"cb89362\" data-element_type=\"widget\" data-widget_type=\"image.default\">\n\t\t\t\t<div class=\"elementor-widget-container\">\n\t\t\t\t\t\t\t\t\t\t\t\t\t\t\t<img decoding=\"async\" width=\"1150\" height=\"881\" src=\"https:\/\/i0.wp.com\/nurbtech.com\/wp-content\/uploads\/2021\/09\/suporte_sonda_lambda_golf-e1709782884580.png?fit=1150%2C881&amp;ssl=1\" class=\"attachment-full size-full wp-image-3226\" alt=\"\" srcset=\"https:\/\/i0.wp.com\/nurbtech.com\/wp-content\/uploads\/2021\/09\/suporte_sonda_lambda_golf-e1709782884580.png?w=1150&amp;ssl=1 1150w, https:\/\/i0.wp.com\/nurbtech.com\/wp-content\/uploads\/2021\/09\/suporte_sonda_lambda_golf-e1709782884580.png?resize=300%2C230&amp;ssl=1 300w, https:\/\/i0.wp.com\/nurbtech.com\/wp-content\/uploads\/2021\/09\/suporte_sonda_lambda_golf-e1709782884580.png?resize=1024%2C784&amp;ssl=1 1024w, https:\/\/i0.wp.com\/nurbtech.com\/wp-content\/uploads\/2021\/09\/suporte_sonda_lambda_golf-e1709782884580.png?resize=768%2C588&amp;ssl=1 768w, https:\/\/i0.wp.com\/nurbtech.com\/wp-content\/uploads\/2021\/09\/suporte_sonda_lambda_golf-e1709782884580.png?resize=1000%2C766&amp;ssl=1 1000w\" sizes=\"(max-width: 1150px) 100vw, 1150px\" data-attachment-id=\"3226\" data-permalink=\"https:\/\/nurbtech.com\/?attachment_id=3226\" data-orig-file=\"https:\/\/i0.wp.com\/nurbtech.com\/wp-content\/uploads\/2021\/09\/suporte_sonda_lambda_golf-e1709782884580.png?fit=1150%2C881&amp;ssl=1\" data-orig-size=\"1150,881\" data-comments-opened=\"1\" data-image-meta=\"{&quot;aperture&quot;:&quot;0&quot;,&quot;credit&quot;:&quot;&quot;,&quot;camera&quot;:&quot;&quot;,&quot;caption&quot;:&quot;&quot;,&quot;created_timestamp&quot;:&quot;0&quot;,&quot;copyright&quot;:&quot;&quot;,&quot;focal_length&quot;:&quot;0&quot;,&quot;iso&quot;:&quot;0&quot;,&quot;shutter_speed&quot;:&quot;0&quot;,&quot;title&quot;:&quot;&quot;,&quot;orientation&quot;:&quot;0&quot;}\" data-image-title=\"suporte_sonda_lambda_golf\" data-image-description=\"\" data-image-caption=\"\" data-medium-file=\"https:\/\/i0.wp.com\/nurbtech.com\/wp-content\/uploads\/2021\/09\/suporte_sonda_lambda_golf-e1709782884580.png?fit=300%2C230&amp;ssl=1\" data-large-file=\"https:\/\/i0.wp.com\/nurbtech.com\/wp-content\/uploads\/2021\/09\/suporte_sonda_lambda_golf-e1709782884580.png?fit=1024%2C784&amp;ssl=1\" \/>\t\t\t\t\t\t\t\t\t\t\t\t\t\t\t<\/div>\n\t\t\t\t<\/div>\n\t\t\t\t\t<\/div>\n\t\t<\/div>\n\t\t\t\t\t<\/div>\n\t\t<\/div>\n\t\t\t\t<\/div>\n\t\t\n","protected":false},"excerpt":{"rendered":"<p>Descubra a inova\u00e7\u00e3o por tr\u00e1s das nossas pe\u00e7as automotivas de alta performance, fabricadas com tecnologia de ponta de impress\u00e3o 3D. Agora, veja as diferen\u00e7as entre os materiais:<\/p>\n<ul>\n<li><strong>Resina<\/strong>: Detalhes finos e precisos para componentes de alto desempenho. Processo de estereolitografia garante superf\u00edcies suaves e qualidade superior.<\/li>\n<li><strong>Filamento ABS<\/strong>: Resist\u00eancia incompar\u00e1vel para pe\u00e7as dur\u00e1veis e confi\u00e1veis. Processo de deposi\u00e7\u00e3o fundida (FDM) resulta em componentes robustos para enfrentar os desafios do dia a dia.<\/li>\n<\/ul>\n<p>Conquiste a estrada com confian\u00e7a, com pe\u00e7as automotivas que combinam precis\u00e3o e resist\u00eancia, criadas sob medida para seu ve\u00edculo.<\/p>\n","protected":false},"featured_media":3226,"comment_status":"open","ping_status":"closed","template":"","meta":{"_joinchat":[]},"product_brand":[],"product_cat":[61,55,63,62,66,67],"product_tag":[],"class_list":{"0":"post-3276","1":"product","2":"type-product","3":"status-publish","4":"has-post-thumbnail","6":"product_cat-car","7":"product_cat-fueltech","8":"product_cat-golf","9":"product_cat-marcas","10":"product_cat-polo","11":"product_cat-up","12":"product_shipping_class-light","14":"first","15":"instock","16":"taxable","17":"shipping-taxable","18":"purchasable","19":"product-type-variable"},"aioseo_notices":[],"jetpack_sharing_enabled":true,"_links":{"self":[{"href":"https:\/\/nurbtech.com\/index.php\/wp-json\/wp\/v2\/product\/3276","targetHints":{"allow":["GET"]}}],"collection":[{"href":"https:\/\/nurbtech.com\/index.php\/wp-json\/wp\/v2\/product"}],"about":[{"href":"https:\/\/nurbtech.com\/index.php\/wp-json\/wp\/v2\/types\/product"}],"replies":[{"embeddable":true,"href":"https:\/\/nurbtech.com\/index.php\/wp-json\/wp\/v2\/comments?post=3276"}],"version-history":[{"count":3,"href":"https:\/\/nurbtech.com\/index.php\/wp-json\/wp\/v2\/product\/3276\/revisions"}],"predecessor-version":[{"id":3320,"href":"https:\/\/nurbtech.com\/index.php\/wp-json\/wp\/v2\/product\/3276\/revisions\/3320"}],"wp:featuredmedia":[{"embeddable":true,"href":"https:\/\/nurbtech.com\/index.php\/wp-json\/wp\/v2\/media\/3226"}],"wp:attachment":[{"href":"https:\/\/nurbtech.com\/index.php\/wp-json\/wp\/v2\/media?parent=3276"}],"wp:term":[{"taxonomy":"product_brand","embeddable":true,"href":"https:\/\/nurbtech.com\/index.php\/wp-json\/wp\/v2\/product_brand?post=3276"},{"taxonomy":"product_cat","embeddable":true,"href":"https:\/\/nurbtech.com\/index.php\/wp-json\/wp\/v2\/product_cat?post=3276"},{"taxonomy":"product_tag","embeddable":true,"href":"https:\/\/nurbtech.com\/index.php\/wp-json\/wp\/v2\/product_tag?post=3276"}],"curies":[{"name":"wp","href":"https:\/\/api.w.org\/{rel}","templated":true}]}}