{"id":2749,"date":"2024-02-23T01:05:30","date_gmt":"2024-02-23T04:05:30","guid":{"rendered":"https:\/\/nurbtech.com\/?post_type=product&#038;p=2749"},"modified":"2025-11-28T10:04:03","modified_gmt":"2025-11-28T13:04:03","slug":"support_fueltech","status":"publish","type":"product","link":"https:\/\/nurbtech.com\/index.php\/product\/support_fueltech\/","title":{"rendered":"Suporte DS3 Fueltech"},"content":{"rendered":"\t\t<div data-elementor-type=\"section\" data-elementor-id=\"55\" class=\"elementor elementor-55\" data-elementor-post-type=\"elementor_library\">\n\t\t\t\t\t<div class=\"elementor-section elementor-top-section elementor-element elementor-element-2d26445 elementor-section-boxed elementor-section-height-default elementor-section-height-default\" data-id=\"2d26445\" data-element_type=\"section\">\n\t\t\t\t\t\t<div class=\"elementor-container elementor-column-gap-default\">\n\t\t\t\t\t<div class=\"elementor-column elementor-col-50 elementor-top-column elementor-element elementor-element-bd85ec9\" data-id=\"bd85ec9\" data-element_type=\"column\">\n\t\t\t<div class=\"elementor-widget-wrap elementor-element-populated\">\n\t\t\t\t\t\t<div class=\"elementor-element elementor-element-6dadd8e elementor-widget elementor-widget-heading\" data-id=\"6dadd8e\" data-element_type=\"widget\" data-widget_type=\"heading.default\">\n\t\t\t\t<div class=\"elementor-widget-container\">\n\t\t\t\t\t<h2 class=\"elementor-heading-title elementor-size-default\">Sobre  o Produto <\/h2>\t\t\t\t<\/div>\n\t\t\t\t<\/div>\n\t\t\t\t<div class=\"elementor-element elementor-element-1bdb4f1 elementor-widget elementor-widget-text-editor\" data-id=\"1bdb4f1\" data-element_type=\"widget\" data-widget_type=\"text-editor.default\">\n\t\t\t\t<div class=\"elementor-widget-container\">\n\t\t\t\t\t\t\t\t\t<p>Confira nosso mais recente lan\u00e7amento: o suporte em ABS para entrada de ar do DS3. Este suporte foi projetado para proporcionar uma instala\u00e7\u00e3o perfeita e sem complica\u00e7\u00f5es para o man\u00f4metro de press\u00e3o e a wideband da FuelTech. Fabricado com tecnologia de impress\u00e3o 3D avan\u00e7ada, garantimos alta qualidade, durabilidade e resist\u00eancia em cada detalhe. Transforme seu DS3 com este suporte funcional e esteticamente atraente, elevando tanto o desempenho quanto a est\u00e9tica do seu ve\u00edculo. Confira os detalhes abaixo:<\/p><ol><li>Suporte em ABS para entrada de ar do DS3<\/li><li>Projetado para fixar com seguran\u00e7a o man\u00f4metro de press\u00e3o e a wideband da FuelTech<\/li><li>Fabricado com tecnologia de impress\u00e3o 3D avan\u00e7ada<\/li><li>Garante alta qualidade, durabilidade e resist\u00eancia<\/li><li>Cada detalhe \u00e9 meticulosamente produzido para atender \u00e0s exig\u00eancias dos entusiastas automotivos<\/li><li>Ideal para quem busca uma instala\u00e7\u00e3o perfeita e sem complica\u00e7\u00f5es.<\/li><\/ol>\t\t\t\t\t\t\t\t<\/div>\n\t\t\t\t<\/div>\n\t\t\t\t<div class=\"elementor-element elementor-element-3fc02d7 elementor-widget elementor-widget-novaworks-advanced-carousel\" data-id=\"3fc02d7\" data-element_type=\"widget\" data-widget_type=\"novaworks-advanced-carousel.default\">\n\t\t\t\t<div class=\"elementor-widget-container\">\n\t\t\t\t\t<div class=\"novaworks-carousel-wrap novaworks-advance-carousel-layout-simple arrow-style-\">\n\t<div class=\"novaworks-carousel slick-carousel js-el\" data-slider_config=\"{&quot;slidesToShow&quot;:{&quot;desktop&quot;:3,&quot;laptop&quot;:3,&quot;tablet&quot;:2,&quot;tabletportrait&quot;:2,&quot;mobile&quot;:1},&quot;autoplaySpeed&quot;:5000,&quot;autoplay&quot;:true,&quot;infinite&quot;:false,&quot;pauseOnHover&quot;:false,&quot;speed&quot;:500,&quot;arrows&quot;:false,&quot;dots&quot;:false,&quot;slidesToScroll&quot;:1,&quot;prevArrow&quot;:&quot;&lt;button class=\\&quot;novaworks-arrow prev-arrow slick-prev\\&quot;&gt;&lt;i class=\\&quot;novaworksicon-left-arrow\\&quot;&gt;&lt;\\\/i&gt;&lt;\\\/button&gt;&quot;,&quot;variableWidth&quot;:false,&quot;nextArrow&quot;:&quot;&lt;button class=\\&quot;novaworks-arrow next-arrow slick-next\\&quot;&gt;&lt;i class=\\&quot;novaworksicon-right-arrow\\&quot;&gt;&lt;\\\/i&gt;&lt;\\\/button&gt;&quot;,&quot;rtl&quot;:false}\" dir=\"ltr\" data-nova_component=\"AutoCarousel\">\n<div class=\"novaworks-carousel__item\">\n\t<div class=\"novaworks-carousel__item-inner\"><a class=\"novaworks-images-layout__link\" href=\"http:\/\/nurbtech.com\/wp-content\/uploads\/2024\/02\/Imagem-do-WhatsApp-de-2024-02-27-as-23.04.09_cdda9c3a-e1709085985112.jpg\" data-elementor-open-lightbox=\"yes\" data-elementor-lightbox-slideshow=\"3fc02d7\"><div class=\"novaworks-carousel__image\"><img fetchpriority=\"high\" decoding=\"async\" src=\"data:image\/gif;base64,R0lGODlhAQABAIAAAP\/\/\/wAAACH5BAEAAAAALAAAAAABAAEAAAICRAEAOw==\" data-src=\"https:\/\/i0.wp.com\/nurbtech.com\/wp-content\/uploads\/2024\/02\/Imagem-do-WhatsApp-de-2024-02-27-as-23.04.09_cdda9c3a-e1709085985112.jpg?fit=900%2C900&ssl=1\" alt=\"\" class=\"nova-lazyload-image novaworks-images-layout__image-instance novaworks-carousel__item-img\" width=\"900\" height=\"900\" srcset=\"data:image\/gif;base64,R0lGODlhAQABAIAAAP\/\/\/wAAACH5BAEAAAAALAAAAAABAAEAAAICRAEAOw==\"><\/div><\/a><\/div>\n<\/div>\n<div class=\"novaworks-carousel__item\">\n\t<div class=\"novaworks-carousel__item-inner\"><a class=\"novaworks-images-layout__link\" href=\"http:\/\/nurbtech.com\/wp-content\/uploads\/2024\/02\/Imagem-do-WhatsApp-de-2024-02-27-as-23.06.49_855bdaef-e1709086105117.jpg\" data-elementor-open-lightbox=\"yes\" data-elementor-lightbox-slideshow=\"3fc02d7\"><div class=\"novaworks-carousel__image\"><img decoding=\"async\" src=\"data:image\/gif;base64,R0lGODlhAQABAIAAAP\/\/\/wAAACH5BAEAAAAALAAAAAABAAEAAAICRAEAOw==\" data-src=\"https:\/\/i0.wp.com\/nurbtech.com\/wp-content\/uploads\/2024\/02\/Imagem-do-WhatsApp-de-2024-02-27-as-23.06.49_855bdaef-e1709086105117.jpg?fit=898%2C710&ssl=1\" alt=\"\" class=\"nova-lazyload-image novaworks-images-layout__image-instance novaworks-carousel__item-img\" width=\"898\" height=\"710\" srcset=\"data:image\/gif;base64,R0lGODlhAQABAIAAAP\/\/\/wAAACH5BAEAAAAALAAAAAABAAEAAAICRAEAOw==\"><\/div><\/a><\/div>\n<\/div>\n<div class=\"novaworks-carousel__item\">\n\t<div class=\"novaworks-carousel__item-inner\"><a class=\"novaworks-images-layout__link\" href=\"http:\/\/nurbtech.com\/wp-content\/uploads\/2021\/09\/1nano_render1.png\" data-elementor-open-lightbox=\"yes\" data-elementor-lightbox-slideshow=\"3fc02d7\"><div class=\"novaworks-carousel__image\"><img decoding=\"async\" src=\"data:image\/gif;base64,R0lGODlhAQABAIAAAP\/\/\/wAAACH5BAEAAAAALAAAAAABAAEAAAICRAEAOw==\" data-src=\"https:\/\/i0.wp.com\/nurbtech.com\/wp-content\/uploads\/2021\/09\/1nano_render1-e1709782685898.png?fit=1150%2C881&ssl=1\" alt=\"\" class=\"nova-lazyload-image novaworks-images-layout__image-instance novaworks-carousel__item-img\" width=\"1150\" height=\"881\" srcset=\"data:image\/gif;base64,R0lGODlhAQABAIAAAP\/\/\/wAAACH5BAEAAAAALAAAAAABAAEAAAICRAEAOw==\"><\/div><\/a><\/div>\n<\/div>\n<\/div><\/div>\n\t\t\t\t<\/div>\n\t\t\t\t<\/div>\n\t\t\t\t\t<\/div>\n\t\t<\/div>\n\t\t\t\t<div class=\"elementor-column elementor-col-50 elementor-top-column elementor-element elementor-element-9a0fbee\" data-id=\"9a0fbee\" data-element_type=\"column\">\n\t\t\t<div class=\"elementor-widget-wrap elementor-element-populated\">\n\t\t\t\t\t\t<div class=\"elementor-element elementor-element-cb89362 elementor-widget elementor-widget-image\" data-id=\"cb89362\" data-element_type=\"widget\" data-widget_type=\"image.default\">\n\t\t\t\t<div class=\"elementor-widget-container\">\n\t\t\t\t\t\t\t\t\t\t\t\t\t\t\t<img loading=\"lazy\" decoding=\"async\" width=\"1024\" height=\"1024\" src=\"https:\/\/i0.wp.com\/nurbtech.com\/wp-content\/uploads\/2021\/11\/ae52178b-9098-47c6-81e8-c48d21c5bd7b.webp?fit=1024%2C1024&amp;ssl=1\" class=\"attachment-full size-full wp-image-2990\" alt=\"\" srcset=\"https:\/\/i0.wp.com\/nurbtech.com\/wp-content\/uploads\/2021\/11\/ae52178b-9098-47c6-81e8-c48d21c5bd7b.webp?w=1024&amp;ssl=1 1024w, https:\/\/i0.wp.com\/nurbtech.com\/wp-content\/uploads\/2021\/11\/ae52178b-9098-47c6-81e8-c48d21c5bd7b.webp?resize=300%2C300&amp;ssl=1 300w, https:\/\/i0.wp.com\/nurbtech.com\/wp-content\/uploads\/2021\/11\/ae52178b-9098-47c6-81e8-c48d21c5bd7b.webp?resize=150%2C150&amp;ssl=1 150w, https:\/\/i0.wp.com\/nurbtech.com\/wp-content\/uploads\/2021\/11\/ae52178b-9098-47c6-81e8-c48d21c5bd7b.webp?resize=768%2C768&amp;ssl=1 768w, https:\/\/i0.wp.com\/nurbtech.com\/wp-content\/uploads\/2021\/11\/ae52178b-9098-47c6-81e8-c48d21c5bd7b.webp?resize=1000%2C1000&amp;ssl=1 1000w, https:\/\/i0.wp.com\/nurbtech.com\/wp-content\/uploads\/2021\/11\/ae52178b-9098-47c6-81e8-c48d21c5bd7b.webp?resize=50%2C50&amp;ssl=1 50w, https:\/\/i0.wp.com\/nurbtech.com\/wp-content\/uploads\/2021\/11\/ae52178b-9098-47c6-81e8-c48d21c5bd7b.webp?resize=100%2C100&amp;ssl=1 100w\" sizes=\"(max-width: 1024px) 100vw, 1024px\" data-attachment-id=\"2990\" data-permalink=\"https:\/\/nurbtech.com\/index.php\/about-us\/ae52178b-9098-47c6-81e8-c48d21c5bd7b\/\" data-orig-file=\"https:\/\/i0.wp.com\/nurbtech.com\/wp-content\/uploads\/2021\/11\/ae52178b-9098-47c6-81e8-c48d21c5bd7b.webp?fit=1024%2C1024&amp;ssl=1\" data-orig-size=\"1024,1024\" data-comments-opened=\"1\" data-image-meta=\"{&quot;aperture&quot;:&quot;0&quot;,&quot;credit&quot;:&quot;&quot;,&quot;camera&quot;:&quot;&quot;,&quot;caption&quot;:&quot;&quot;,&quot;created_timestamp&quot;:&quot;0&quot;,&quot;copyright&quot;:&quot;&quot;,&quot;focal_length&quot;:&quot;0&quot;,&quot;iso&quot;:&quot;0&quot;,&quot;shutter_speed&quot;:&quot;0&quot;,&quot;title&quot;:&quot;&quot;,&quot;orientation&quot;:&quot;0&quot;}\" data-image-title=\"ae52178b-9098-47c6-81e8-c48d21c5bd7b\" data-image-description=\"\" data-image-caption=\"\" data-medium-file=\"https:\/\/i0.wp.com\/nurbtech.com\/wp-content\/uploads\/2021\/11\/ae52178b-9098-47c6-81e8-c48d21c5bd7b.webp?fit=300%2C300&amp;ssl=1\" data-large-file=\"https:\/\/i0.wp.com\/nurbtech.com\/wp-content\/uploads\/2021\/11\/ae52178b-9098-47c6-81e8-c48d21c5bd7b.webp?fit=1024%2C1024&amp;ssl=1\" \/>\t\t\t\t\t\t\t\t\t\t\t\t\t\t\t<\/div>\n\t\t\t\t<\/div>\n\t\t\t\t\t<\/div>\n\t\t<\/div>\n\t\t\t\t\t<\/div>\n\t\t<\/div>\n\t\t\t\t<\/div>\n\t\t\n","protected":false},"excerpt":{"rendered":"<p>This product type lets you add variations to the same product to create a complex, variable product. Each variation of the product has its own price, SKU, available stock, etc. eg: A shirt or t-shirt with different sizes and different colors.<\/p>\n<p>While creating the product, you can select the \u2018Variable product\u2019 option from the drop-down. To be able to create different variations, you will have to set up attributes and define values to each of them. You can use different attributes and values to create variations. After that, you can manually create available variations or create all possible variations in one go. You can update individual details for each variation, after all required variations are created.<\/p>\n","protected":false},"featured_media":3049,"comment_status":"open","ping_status":"closed","template":"","meta":{"_joinchat":[]},"product_brand":[],"product_cat":[56,55],"product_tag":[57,58,60,59],"class_list":{"0":"post-2749","1":"product","2":"type-product","3":"status-publish","4":"has-post-thumbnail","6":"product_cat-ds3","7":"product_cat-fueltech","8":"product_tag-citroen","9":"product_tag-fueltech","10":"product_tag-nano-pro","11":"product_tag-wideband","12":"product_shipping_class-light","14":"first","15":"instock","16":"taxable","17":"shipping-taxable","18":"purchasable","19":"product-type-variable","20":"has-default-attributes"},"aioseo_notices":[],"jetpack_sharing_enabled":true,"_links":{"self":[{"href":"https:\/\/nurbtech.com\/index.php\/wp-json\/wp\/v2\/product\/2749","targetHints":{"allow":["GET"]}}],"collection":[{"href":"https:\/\/nurbtech.com\/index.php\/wp-json\/wp\/v2\/product"}],"about":[{"href":"https:\/\/nurbtech.com\/index.php\/wp-json\/wp\/v2\/types\/product"}],"replies":[{"embeddable":true,"href":"https:\/\/nurbtech.com\/index.php\/wp-json\/wp\/v2\/comments?post=2749"}],"version-history":[{"count":2,"href":"https:\/\/nurbtech.com\/index.php\/wp-json\/wp\/v2\/product\/2749\/revisions"}],"predecessor-version":[{"id":3098,"href":"https:\/\/nurbtech.com\/index.php\/wp-json\/wp\/v2\/product\/2749\/revisions\/3098"}],"wp:featuredmedia":[{"embeddable":true,"href":"https:\/\/nurbtech.com\/index.php\/wp-json\/wp\/v2\/media\/3049"}],"wp:attachment":[{"href":"https:\/\/nurbtech.com\/index.php\/wp-json\/wp\/v2\/media?parent=2749"}],"wp:term":[{"taxonomy":"product_brand","embeddable":true,"href":"https:\/\/nurbtech.com\/index.php\/wp-json\/wp\/v2\/product_brand?post=2749"},{"taxonomy":"product_cat","embeddable":true,"href":"https:\/\/nurbtech.com\/index.php\/wp-json\/wp\/v2\/product_cat?post=2749"},{"taxonomy":"product_tag","embeddable":true,"href":"https:\/\/nurbtech.com\/index.php\/wp-json\/wp\/v2\/product_tag?post=2749"}],"curies":[{"name":"wp","href":"https:\/\/api.w.org\/{rel}","templated":true}]}}